{"id":217,"date":"2024-03-13T18:56:20","date_gmt":"2024-03-13T17:56:20","guid":{"rendered":"http:\/\/podologue-pichard-helie.com\/?page_id=217"},"modified":"2024-03-25T13:27:12","modified_gmt":"2024-03-25T12:27:12","slug":"honoraires","status":"publish","type":"page","link":"http:\/\/podologue-pichard-helie.com\/?page_id=217","title":{"rendered":"Honoraires"},"content":{"rendered":"\t\t<div data-elementor-type=\"wp-page\" data-elementor-id=\"217\" class=\"elementor elementor-217\" data-elementor-post-type=\"page\">\n\t\t\t\t\t\t<section class=\"elementor-section elementor-top-section elementor-element elementor-element-838214f elementor-section-boxed elementor-section-height-default elementor-section-height-default\" data-id=\"838214f\" data-element_type=\"section\">\n\t\t\t\t\t\t<div class=\"elementor-container elementor-column-gap-default\">\n\t\t\t\t\t<div class=\"elementor-column elementor-col-100 elementor-top-column elementor-element elementor-element-ea5af60\" data-id=\"ea5af60\" data-element_type=\"column\">\n\t\t\t<div class=\"elementor-widget-wrap elementor-element-populated\">\n\t\t\t\t\t\t<div class=\"elementor-element elementor-element-da8e736 elementor-widget elementor-widget-heading\" data-id=\"da8e736\" data-element_type=\"widget\" data-widget_type=\"heading.default\">\n\t\t\t\t<div class=\"elementor-widget-container\">\n\t\t\t<h2 class=\"elementor-heading-title elementor-size-default\">Honoraires<\/h2>\t\t<\/div>\n\t\t\t\t<\/div>\n\t\t\t\t\t<\/div>\n\t\t<\/div>\n\t\t\t\t\t<\/div>\n\t\t<\/section>\n\t\t\t\t<section class=\"elementor-section elementor-top-section elementor-element elementor-element-2056193 elementor-section-boxed elementor-section-height-default elementor-section-height-default\" data-id=\"2056193\" data-element_type=\"section\">\n\t\t\t\t\t\t<div class=\"elementor-container elementor-column-gap-default\">\n\t\t\t\t\t<div class=\"elementor-column elementor-col-100 elementor-top-column elementor-element elementor-element-5be845b\" data-id=\"5be845b\" data-element_type=\"column\">\n\t\t\t<div class=\"elementor-widget-wrap elementor-element-populated\">\n\t\t\t\t\t\t<div class=\"elementor-element elementor-element-a145769 elementor-widget-divider--view-line elementor-widget elementor-widget-divider\" data-id=\"a145769\" data-element_type=\"widget\" data-widget_type=\"divider.default\">\n\t\t\t\t<div class=\"elementor-widget-container\">\n\t\t\t\t\t<div class=\"elementor-divider\">\n\t\t\t<span class=\"elementor-divider-separator\">\n\t\t\t\t\t\t<\/span>\n\t\t<\/div>\n\t\t\t\t<\/div>\n\t\t\t\t<\/div>\n\t\t\t\t\t<\/div>\n\t\t<\/div>\n\t\t\t\t\t<\/div>\n\t\t<\/section>\n\t\t\t\t<section class=\"elementor-section elementor-top-section elementor-element elementor-element-3d15af6 elementor-section-boxed elementor-section-height-default elementor-section-height-default\" data-id=\"3d15af6\" data-element_type=\"section\">\n\t\t\t\t\t\t<div class=\"elementor-container elementor-column-gap-default\">\n\t\t\t\t\t<div class=\"elementor-column elementor-col-100 elementor-top-column elementor-element elementor-element-cf2bc56\" data-id=\"cf2bc56\" data-element_type=\"column\">\n\t\t\t<div class=\"elementor-widget-wrap elementor-element-populated\">\n\t\t\t\t\t\t<div class=\"elementor-element elementor-element-439f3c3 elementor-widget elementor-widget-text-editor\" data-id=\"439f3c3\" data-element_type=\"widget\" data-widget_type=\"text-editor.default\">\n\t\t\t\t<div class=\"elementor-widget-container\">\n\t\t\t\t\t\t\t<p><em>\u00ab\u00a0Votre Podologue pratique des honoraires aux tarifs de l&rsquo;assurance maladie. Ces tarifs ne peuvent \u00eatre d\u00e9pass\u00e9s. Si votre Podologue vous propose de r\u00e9aliser certains actes qui ne sont pas rembours\u00e9s par l&rsquo;assurance maladie, il doit obligatoirement vous en informer. Dans le cas pr\u00e9vu ci-dessous o\u00f9 votre Podologue peut d\u00e9terminer librement ses honoraires ou ses d\u00e9passements d&rsquo;honoraires, il en d\u00e9termine le montant avec tact et mesure.\u00a0\u00bb<\/em><\/p>\t\t\t\t\t\t<\/div>\n\t\t\t\t<\/div>\n\t\t\t\t\t<\/div>\n\t\t<\/div>\n\t\t\t\t\t<\/div>\n\t\t<\/section>\n\t\t\t\t<section class=\"elementor-section elementor-top-section elementor-element elementor-element-73c5a17 elementor-section-boxed elementor-section-height-default elementor-section-height-default\" data-id=\"73c5a17\" data-element_type=\"section\">\n\t\t\t\t\t\t<div class=\"elementor-container elementor-column-gap-default\">\n\t\t\t\t\t<div class=\"elementor-column elementor-col-100 elementor-top-column elementor-element elementor-element-29ec18d\" data-id=\"29ec18d\" data-element_type=\"column\">\n\t\t\t<div class=\"elementor-widget-wrap elementor-element-populated\">\n\t\t\t\t\t\t<div class=\"elementor-element elementor-element-54c232d elementor-widget-divider--view-line elementor-widget elementor-widget-divider\" data-id=\"54c232d\" data-element_type=\"widget\" data-widget_type=\"divider.default\">\n\t\t\t\t<div class=\"elementor-widget-container\">\n\t\t\t\t\t<div class=\"elementor-divider\">\n\t\t\t<span class=\"elementor-divider-separator\">\n\t\t\t\t\t\t<\/span>\n\t\t<\/div>\n\t\t\t\t<\/div>\n\t\t\t\t<\/div>\n\t\t\t\t\t<\/div>\n\t\t<\/div>\n\t\t\t\t\t<\/div>\n\t\t<\/section>\n\t\t\t\t<section class=\"elementor-section elementor-top-section elementor-element elementor-element-b17def5 elementor-section-boxed elementor-section-height-default elementor-section-height-default\" data-id=\"b17def5\" data-element_type=\"section\">\n\t\t\t\t\t\t<div class=\"elementor-container elementor-column-gap-default\">\n\t\t\t\t\t<div class=\"elementor-column elementor-col-100 elementor-top-column elementor-element elementor-element-6f9980f\" data-id=\"6f9980f\" data-element_type=\"column\">\n\t\t\t<div class=\"elementor-widget-wrap elementor-element-populated\">\n\t\t\t\t\t\t<div class=\"elementor-element elementor-element-161eb48 elementor-widget elementor-widget-text-editor\" data-id=\"161eb48\" data-element_type=\"widget\" data-widget_type=\"text-editor.default\">\n\t\t\t\t<div class=\"elementor-widget-container\">\n\t\t\t\t\t\t\t<ul>\n<li>Soin de p\u00e9dicurie : 30\u20ac (plafond de remboursement S\u00e9curit\u00e9 Sociale : 0.63\u20ac)<\/li>\n<li>Soin de p\u00e9dicurie cibl\u00e9 (ORTHONYXIE \/ ONYCHOPLASTIE) : 15\u20ac (pas de remboursement de S\u00e9curit\u00e9 Sociale)<\/li>\n<li>Soin \u00e0 domicile : 38\u20ac (plafond de remboursement de S\u00e9curit\u00e9 Sociale : 0.63\u20ac)<\/li>\n<li>Soin diab\u00e9tique (POD) : 30\u20ac (plafond de remboursement de S\u00e9curit\u00e9 Sociale : 100%)<\/li>\n<li>Orthoplastie : 20\u20ac (pas de remboursement de S\u00e9curit\u00e9 Sociale)<\/li>\n<li>Bilan Podologique et Posturologique : 30\u20ac<\/li>\n<li>Semelles orthop\u00e9diques* (inf\u00e9rieur \u00e0 T37) : 90\u20ac (plafond de remboursement de S\u00e9curit\u00e9 Sociale : 28.04\u20ac)<\/li>\n<li>Semelles orthop\u00e9diques* (\u00e0 partir de la T37) : 100\u20ac (plafond de remboursement de S\u00e9curit\u00e9 Sociale : 28.86\u20ac)<\/li>\n<li>Contr\u00f4le (bilan \/ semelles orthop\u00e9diques) : 20\u20ac<\/li>\n<li>Analyse semelles connect\u00e9es : 15\u20ac<\/li>\n<li>Traitement verrue, transpiration par Ionophor\u00e8se : 20\u20ac (forfait) + 5\u20ac par s\u00e9ance<\/li>\n<\/ul>\n<div>*<em>Remboursement Mutuelle Compl\u00e9mentaire en fonction du contrat du patient<\/em><\/div>\t\t\t\t\t\t<\/div>\n\t\t\t\t<\/div>\n\t\t\t\t\t<\/div>\n\t\t<\/div>\n\t\t\t\t\t<\/div>\n\t\t<\/section>\n\t\t\t\t<\/div>\n\t\t","protected":false},"excerpt":{"rendered":"<p>Honoraires \u00ab\u00a0Votre Podologue pratique des honoraires aux tarifs de l&rsquo;assurance maladie. Ces tarifs ne peuvent \u00eatre d\u00e9pass\u00e9s. Si votre Podologue vous propose de r\u00e9aliser certains actes qui ne sont pas rembours\u00e9s par l&rsquo;assurance maladie, il doit obligatoirement vous en informer. Dans le cas pr\u00e9vu ci-dessous o\u00f9 votre Podologue peut d\u00e9terminer librement ses honoraires ou ses &hellip;<\/p>\n<p class=\"read-more\"> <a class=\"\" href=\"http:\/\/podologue-pichard-helie.com\/?page_id=217\"> <span class=\"screen-reader-text\">Honoraires<\/span> Lire la suite\u00a0\u00bb<\/a><\/p>\n","protected":false},"author":1,"featured_media":0,"parent":0,"menu_order":0,"comment_status":"closed","ping_status":"closed","template":"","meta":{"_monsterinsights_skip_tracking":false,"_monsterinsights_sitenote_active":false,"_monsterinsights_sitenote_note":"","_monsterinsights_sitenote_category":0,"footnotes":""},"yoast_head":"<!-- This site is optimized with the Yoast SEO plugin v15.3 - https:\/\/yoast.com\/wordpress\/plugins\/seo\/ -->\n<title>Honoraires - Dominique PICHARD-H\u00c9LIE<\/title>\n<meta name=\"robots\" content=\"index, follow, max-snippet:-1, max-image-preview:large, max-video-preview:-1\" \/>\n<link rel=\"canonical\" href=\"https:\/\/podologue-pichard-helie.com\/?page_id=217\" \/>\n<meta property=\"og:locale\" content=\"fr_FR\" \/>\n<meta property=\"og:type\" content=\"article\" \/>\n<meta property=\"og:title\" content=\"Honoraires - Dominique PICHARD-H\u00c9LIE\" \/>\n<meta property=\"og:description\" content=\"Honoraires \u00ab\u00a0Votre Podologue pratique des honoraires aux tarifs de l&rsquo;assurance maladie. Ces tarifs ne peuvent \u00eatre d\u00e9pass\u00e9s. Si votre Podologue vous propose de r\u00e9aliser certains actes qui ne sont pas rembours\u00e9s par l&rsquo;assurance maladie, il doit obligatoirement vous en informer. Dans le cas pr\u00e9vu ci-dessous o\u00f9 votre Podologue peut d\u00e9terminer librement ses honoraires ou ses &hellip; Honoraires Lire la suite\u00a0\u00bb\" \/>\n<meta property=\"og:url\" content=\"https:\/\/podologue-pichard-helie.com\/?page_id=217\" \/>\n<meta property=\"og:site_name\" content=\"Dominique PICHARD-H\u00c9LIE\" \/>\n<meta property=\"article:modified_time\" content=\"2024-03-25T12:27:12+00:00\" \/>\n<meta name=\"twitter:card\" content=\"summary_large_image\" \/>\n<meta name=\"twitter:label1\" content=\"\u00c9crit par\">\n\t<meta name=\"twitter:data1\" content=\"EP Graphisme\">\n\t<meta name=\"twitter:label2\" content=\"Dur\u00e9e de lecture est.\">\n\t<meta name=\"twitter:data2\" content=\"1 minute\">\n<script type=\"application\/ld+json\" class=\"yoast-schema-graph\">{\"@context\":\"https:\/\/schema.org\",\"@graph\":[{\"@type\":\"WebSite\",\"@id\":\"http:\/\/podologue-pichard-helie.com\/#website\",\"url\":\"http:\/\/podologue-pichard-helie.com\/\",\"name\":\"Dominique PICHARD-H\\u00c9LIE\",\"description\":\"Podologue\",\"potentialAction\":[{\"@type\":\"SearchAction\",\"target\":\"http:\/\/podologue-pichard-helie.com\/?s={search_term_string}\",\"query-input\":\"required name=search_term_string\"}],\"inLanguage\":\"fr-FR\"},{\"@type\":\"WebPage\",\"@id\":\"https:\/\/podologue-pichard-helie.com\/?page_id=217#webpage\",\"url\":\"https:\/\/podologue-pichard-helie.com\/?page_id=217\",\"name\":\"Honoraires - Dominique PICHARD-H\\u00c9LIE\",\"isPartOf\":{\"@id\":\"http:\/\/podologue-pichard-helie.com\/#website\"},\"datePublished\":\"2024-03-13T17:56:20+00:00\",\"dateModified\":\"2024-03-25T12:27:12+00:00\",\"inLanguage\":\"fr-FR\",\"potentialAction\":[{\"@type\":\"ReadAction\",\"target\":[\"https:\/\/podologue-pichard-helie.com\/?page_id=217\"]}]}]}<\/script>\n<!-- \/ Yoast SEO plugin. -->","_links":{"self":[{"href":"http:\/\/podologue-pichard-helie.com\/index.php?rest_route=\/wp\/v2\/pages\/217"}],"collection":[{"href":"http:\/\/podologue-pichard-helie.com\/index.php?rest_route=\/wp\/v2\/pages"}],"about":[{"href":"http:\/\/podologue-pichard-helie.com\/index.php?rest_route=\/wp\/v2\/types\/page"}],"author":[{"embeddable":true,"href":"http:\/\/podologue-pichard-helie.com\/index.php?rest_route=\/wp\/v2\/users\/1"}],"replies":[{"embeddable":true,"href":"http:\/\/podologue-pichard-helie.com\/index.php?rest_route=%2Fwp%2Fv2%2Fcomments&post=217"}],"version-history":[{"count":13,"href":"http:\/\/podologue-pichard-helie.com\/index.php?rest_route=\/wp\/v2\/pages\/217\/revisions"}],"predecessor-version":[{"id":242,"href":"http:\/\/podologue-pichard-helie.com\/index.php?rest_route=\/wp\/v2\/pages\/217\/revisions\/242"}],"wp:attachment":[{"href":"http:\/\/podologue-pichard-helie.com\/index.php?rest_route=%2Fwp%2Fv2%2Fmedia&parent=217"}],"curies":[{"name":"wp","href":"https:\/\/api.w.org\/{rel}","templated":true}]}}