{"id":24,"date":"2020-08-10T15:26:58","date_gmt":"2020-08-10T13:26:58","guid":{"rendered":"http:\/\/podologue-pichard-helie.com\/?page_id=24"},"modified":"2020-11-13T18:01:01","modified_gmt":"2020-11-13T17:01:01","slug":"pedicurie","status":"publish","type":"page","link":"http:\/\/podologue-pichard-helie.com\/?page_id=24","title":{"rendered":"P\u00e9dicurie"},"content":{"rendered":"\t\t<div data-elementor-type=\"wp-page\" data-elementor-id=\"24\" class=\"elementor elementor-24\" data-elementor-post-type=\"page\">\n\t\t\t\t\t\t<section class=\"elementor-section elementor-top-section elementor-element elementor-element-5221b8c elementor-section-boxed elementor-section-height-default elementor-section-height-default\" data-id=\"5221b8c\" data-element_type=\"section\">\n\t\t\t\t\t\t<div class=\"elementor-container elementor-column-gap-default\">\n\t\t\t\t\t<div class=\"elementor-column elementor-col-100 elementor-top-column elementor-element elementor-element-4b8f241\" data-id=\"4b8f241\" data-element_type=\"column\">\n\t\t\t<div class=\"elementor-widget-wrap elementor-element-populated\">\n\t\t\t\t\t\t<div class=\"elementor-element elementor-element-b867a45 elementor-widget elementor-widget-heading\" data-id=\"b867a45\" data-element_type=\"widget\" data-widget_type=\"heading.default\">\n\t\t\t\t<div class=\"elementor-widget-container\">\n\t\t\t<h2 class=\"elementor-heading-title elementor-size-default\">P\u00c9DICURIE<\/h2>\t\t<\/div>\n\t\t\t\t<\/div>\n\t\t\t\t\t<\/div>\n\t\t<\/div>\n\t\t\t\t\t<\/div>\n\t\t<\/section>\n\t\t\t\t<section class=\"elementor-section elementor-top-section elementor-element elementor-element-0808d3c elementor-section-boxed elementor-section-height-default elementor-section-height-default\" data-id=\"0808d3c\" data-element_type=\"section\">\n\t\t\t\t\t\t<div class=\"elementor-container elementor-column-gap-default\">\n\t\t\t\t\t<div class=\"elementor-column elementor-col-100 elementor-top-column elementor-element elementor-element-04ee5d7\" data-id=\"04ee5d7\" data-element_type=\"column\">\n\t\t\t<div class=\"elementor-widget-wrap elementor-element-populated\">\n\t\t\t\t\t\t<div class=\"elementor-element elementor-element-2486d0e elementor-widget-divider--view-line elementor-widget elementor-widget-divider\" data-id=\"2486d0e\" data-element_type=\"widget\" data-widget_type=\"divider.default\">\n\t\t\t\t<div class=\"elementor-widget-container\">\n\t\t\t\t\t<div class=\"elementor-divider\">\n\t\t\t<span class=\"elementor-divider-separator\">\n\t\t\t\t\t\t<\/span>\n\t\t<\/div>\n\t\t\t\t<\/div>\n\t\t\t\t<\/div>\n\t\t\t\t\t<\/div>\n\t\t<\/div>\n\t\t\t\t\t<\/div>\n\t\t<\/section>\n\t\t\t\t<section class=\"elementor-section elementor-top-section elementor-element elementor-element-cda74ae elementor-section-boxed elementor-section-height-default elementor-section-height-default\" data-id=\"cda74ae\" data-element_type=\"section\">\n\t\t\t\t\t\t<div class=\"elementor-container elementor-column-gap-default\">\n\t\t\t\t\t<div class=\"elementor-column elementor-col-50 elementor-top-column elementor-element elementor-element-b5324ad\" data-id=\"b5324ad\" data-element_type=\"column\">\n\t\t\t<div class=\"elementor-widget-wrap elementor-element-populated\">\n\t\t\t\t\t\t<div class=\"elementor-element elementor-element-3953659 elementor-widget elementor-widget-text-editor\" data-id=\"3953659\" data-element_type=\"widget\" data-widget_type=\"text-editor.default\">\n\t\t\t\t<div class=\"elementor-widget-container\">\n\t\t\t\t\t\t\t<p>La p\u00e9dicurie consiste \u00e0 entretenir les ongles et \u00e0 soigner les affections de la peau et des ongles (cors, oeil-de-perdrix, ongles incarn\u00e9s&#8230;).<\/p>\n<p>Il faut agir de mani\u00e8re pr\u00e9ventive et consulter r\u00e9guli\u00e8rement votre P\u00e9dicure-Podologue \u00e0 ce sujet, ainsi que pour des pathologies telles que le diab\u00e8te (cl\u00e9 POD), l&rsquo;art\u00e9rite&#8230;<\/p>\t\t\t\t\t\t<\/div>\n\t\t\t\t<\/div>\n\t\t\t\t\t<\/div>\n\t\t<\/div>\n\t\t\t\t<div class=\"elementor-column elementor-col-50 elementor-top-column elementor-element elementor-element-441ba8c animated-slow elementor-invisible\" data-id=\"441ba8c\" data-element_type=\"column\" data-settings=\"{&quot;animation&quot;:&quot;fadeInRight&quot;}\">\n\t\t\t<div class=\"elementor-widget-wrap elementor-element-populated\">\n\t\t\t\t\t\t<div class=\"elementor-element elementor-element-ad72ede elementor-widget elementor-widget-image\" data-id=\"ad72ede\" data-element_type=\"widget\" data-widget_type=\"image.default\">\n\t\t\t\t<div class=\"elementor-widget-container\">\n\t\t\t\t\t\t\t\t\t\t\t\t\t<img fetchpriority=\"high\" decoding=\"async\" width=\"1024\" height=\"681\" src=\"http:\/\/podologue-pichard-helie.com\/wp-content\/uploads\/2020\/11\/2214-1024x681.jpg\" class=\"attachment-large size-large wp-image-159\" alt=\"\" srcset=\"http:\/\/podologue-pichard-helie.com\/wp-content\/uploads\/2020\/11\/2214-1024x681.jpg 1024w, http:\/\/podologue-pichard-helie.com\/wp-content\/uploads\/2020\/11\/2214-300x200.jpg 300w, http:\/\/podologue-pichard-helie.com\/wp-content\/uploads\/2020\/11\/2214-768x511.jpg 768w, http:\/\/podologue-pichard-helie.com\/wp-content\/uploads\/2020\/11\/2214-1536x1022.jpg 1536w, http:\/\/podologue-pichard-helie.com\/wp-content\/uploads\/2020\/11\/2214-2048x1363.jpg 2048w\" sizes=\"(max-width: 1024px) 100vw, 1024px\" \/>\t\t\t\t\t\t\t\t\t\t\t\t\t<\/div>\n\t\t\t\t<\/div>\n\t\t\t\t\t<\/div>\n\t\t<\/div>\n\t\t\t\t\t<\/div>\n\t\t<\/section>\n\t\t\t\t<section class=\"elementor-section elementor-top-section elementor-element elementor-element-20d077c elementor-section-boxed elementor-section-height-default elementor-section-height-default\" data-id=\"20d077c\" data-element_type=\"section\">\n\t\t\t\t\t\t<div class=\"elementor-container elementor-column-gap-default\">\n\t\t\t\t\t<div class=\"elementor-column elementor-col-100 elementor-top-column elementor-element elementor-element-9282f0e\" data-id=\"9282f0e\" data-element_type=\"column\">\n\t\t\t<div class=\"elementor-widget-wrap elementor-element-populated\">\n\t\t\t\t\t\t<div class=\"elementor-element elementor-element-786504b elementor-widget-divider--view-line elementor-widget elementor-widget-divider\" data-id=\"786504b\" data-element_type=\"widget\" data-widget_type=\"divider.default\">\n\t\t\t\t<div class=\"elementor-widget-container\">\n\t\t\t\t\t<div class=\"elementor-divider\">\n\t\t\t<span class=\"elementor-divider-separator\">\n\t\t\t\t\t\t<\/span>\n\t\t<\/div>\n\t\t\t\t<\/div>\n\t\t\t\t<\/div>\n\t\t\t\t<div class=\"elementor-element elementor-element-d47df3e elementor-widget elementor-widget-text-editor\" data-id=\"d47df3e\" data-element_type=\"widget\" data-widget_type=\"text-editor.default\">\n\t\t\t\t<div class=\"elementor-widget-container\">\n\t\t\t\t\t\t\t<p><em>Vous ressentez une g\u00eane ou une douleur \u00e0 la marche ? Vous avez mal aux pieds ? Mal au dos ? Vous constatez l&rsquo;apparition d&rsquo;une mycose, d&rsquo;une verrue plantaire, de cors, de durillons, ou vous souffrez de probl\u00e8mes li\u00e9s \u00e0 un ou plusieurs de vos ongles ?<\/em><\/p><p><em>Prenez d\u00e8s maintenant rendez-vous avec votre Podologue dans la rubrique \u00ab\u00a0PRENDRE RENDEZ-VOUS !\u00a0\u00bb.<\/em><\/p>\t\t\t\t\t\t<\/div>\n\t\t\t\t<\/div>\n\t\t\t\t<div class=\"elementor-element elementor-element-f173e21 elementor-widget-divider--view-line elementor-widget elementor-widget-divider\" data-id=\"f173e21\" data-element_type=\"widget\" data-widget_type=\"divider.default\">\n\t\t\t\t<div class=\"elementor-widget-container\">\n\t\t\t\t\t<div class=\"elementor-divider\">\n\t\t\t<span class=\"elementor-divider-separator\">\n\t\t\t\t\t\t<\/span>\n\t\t<\/div>\n\t\t\t\t<\/div>\n\t\t\t\t<\/div>\n\t\t\t\t\t<\/div>\n\t\t<\/div>\n\t\t\t\t\t<\/div>\n\t\t<\/section>\n\t\t\t\t<\/div>\n\t\t","protected":false},"excerpt":{"rendered":"<p>P\u00c9DICURIE La p\u00e9dicurie consiste \u00e0 entretenir les ongles et \u00e0 soigner les affections de la peau et des ongles (cors, oeil-de-perdrix, ongles incarn\u00e9s&#8230;). Il faut agir de mani\u00e8re pr\u00e9ventive et consulter r\u00e9guli\u00e8rement votre P\u00e9dicure-Podologue \u00e0 ce sujet, ainsi que pour des pathologies telles que le diab\u00e8te (cl\u00e9 POD), l&rsquo;art\u00e9rite&#8230; Vous ressentez une g\u00eane ou une &hellip;<\/p>\n<p class=\"read-more\"> <a class=\"\" href=\"http:\/\/podologue-pichard-helie.com\/?page_id=24\"> <span class=\"screen-reader-text\">P\u00e9dicurie<\/span> Lire la suite\u00a0\u00bb<\/a><\/p>\n","protected":false},"author":1,"featured_media":0,"parent":0,"menu_order":0,"comment_status":"closed","ping_status":"closed","template":"","meta":{"_monsterinsights_skip_tracking":false,"_monsterinsights_sitenote_active":false,"_monsterinsights_sitenote_note":"","_monsterinsights_sitenote_category":0,"footnotes":""},"yoast_head":"<!-- This site is optimized with the Yoast SEO plugin v15.3 - https:\/\/yoast.com\/wordpress\/plugins\/seo\/ -->\n<title>P\u00e9dicurie - Dominique PICHARD-H\u00c9LIE<\/title>\n<meta name=\"robots\" content=\"index, follow, max-snippet:-1, max-image-preview:large, max-video-preview:-1\" \/>\n<link rel=\"canonical\" href=\"https:\/\/podologue-pichard-helie.com\/?page_id=24\" \/>\n<meta property=\"og:locale\" content=\"fr_FR\" \/>\n<meta property=\"og:type\" content=\"article\" \/>\n<meta property=\"og:title\" content=\"P\u00e9dicurie - Dominique PICHARD-H\u00c9LIE\" \/>\n<meta property=\"og:description\" content=\"P\u00c9DICURIE La p\u00e9dicurie consiste \u00e0 entretenir les ongles et \u00e0 soigner les affections de la peau et des ongles (cors, oeil-de-perdrix, ongles incarn\u00e9s&#8230;). Il faut agir de mani\u00e8re pr\u00e9ventive et consulter r\u00e9guli\u00e8rement votre P\u00e9dicure-Podologue \u00e0 ce sujet, ainsi que pour des pathologies telles que le diab\u00e8te (cl\u00e9 POD), l&rsquo;art\u00e9rite&#8230; Vous ressentez une g\u00eane ou une &hellip; P\u00e9dicurie Lire la suite\u00a0\u00bb\" \/>\n<meta property=\"og:url\" content=\"https:\/\/podologue-pichard-helie.com\/?page_id=24\" \/>\n<meta property=\"og:site_name\" content=\"Dominique PICHARD-H\u00c9LIE\" \/>\n<meta property=\"article:modified_time\" content=\"2020-11-13T17:01:01+00:00\" \/>\n<meta property=\"og:image\" content=\"http:\/\/podologue-pichard-helie.com\/wp-content\/uploads\/2020\/11\/2214-1024x681.jpg\" \/>\n<meta name=\"twitter:card\" content=\"summary_large_image\" \/>\n<meta name=\"twitter:label1\" content=\"\u00c9crit par\">\n\t<meta name=\"twitter:data1\" content=\"EP Graphisme\">\n\t<meta name=\"twitter:label2\" content=\"Dur\u00e9e de lecture est.\">\n\t<meta name=\"twitter:data2\" content=\"0 minute\">\n<script type=\"application\/ld+json\" class=\"yoast-schema-graph\">{\"@context\":\"https:\/\/schema.org\",\"@graph\":[{\"@type\":\"WebSite\",\"@id\":\"http:\/\/podologue-pichard-helie.com\/#website\",\"url\":\"http:\/\/podologue-pichard-helie.com\/\",\"name\":\"Dominique PICHARD-H\\u00c9LIE\",\"description\":\"Podologue\",\"potentialAction\":[{\"@type\":\"SearchAction\",\"target\":\"http:\/\/podologue-pichard-helie.com\/?s={search_term_string}\",\"query-input\":\"required name=search_term_string\"}],\"inLanguage\":\"fr-FR\"},{\"@type\":\"ImageObject\",\"@id\":\"https:\/\/podologue-pichard-helie.com\/?page_id=24#primaryimage\",\"inLanguage\":\"fr-FR\",\"url\":\"http:\/\/podologue-pichard-helie.com\/wp-content\/uploads\/2020\/11\/2214-1024x681.jpg\"},{\"@type\":\"WebPage\",\"@id\":\"https:\/\/podologue-pichard-helie.com\/?page_id=24#webpage\",\"url\":\"https:\/\/podologue-pichard-helie.com\/?page_id=24\",\"name\":\"P\\u00e9dicurie - Dominique PICHARD-H\\u00c9LIE\",\"isPartOf\":{\"@id\":\"http:\/\/podologue-pichard-helie.com\/#website\"},\"primaryImageOfPage\":{\"@id\":\"https:\/\/podologue-pichard-helie.com\/?page_id=24#primaryimage\"},\"datePublished\":\"2020-08-10T13:26:58+00:00\",\"dateModified\":\"2020-11-13T17:01:01+00:00\",\"inLanguage\":\"fr-FR\",\"potentialAction\":[{\"@type\":\"ReadAction\",\"target\":[\"https:\/\/podologue-pichard-helie.com\/?page_id=24\"]}]}]}<\/script>\n<!-- \/ Yoast SEO plugin. -->","_links":{"self":[{"href":"http:\/\/podologue-pichard-helie.com\/index.php?rest_route=\/wp\/v2\/pages\/24"}],"collection":[{"href":"http:\/\/podologue-pichard-helie.com\/index.php?rest_route=\/wp\/v2\/pages"}],"about":[{"href":"http:\/\/podologue-pichard-helie.com\/index.php?rest_route=\/wp\/v2\/types\/page"}],"author":[{"embeddable":true,"href":"http:\/\/podologue-pichard-helie.com\/index.php?rest_route=\/wp\/v2\/users\/1"}],"replies":[{"embeddable":true,"href":"http:\/\/podologue-pichard-helie.com\/index.php?rest_route=%2Fwp%2Fv2%2Fcomments&post=24"}],"version-history":[{"count":11,"href":"http:\/\/podologue-pichard-helie.com\/index.php?rest_route=\/wp\/v2\/pages\/24\/revisions"}],"predecessor-version":[{"id":215,"href":"http:\/\/podologue-pichard-helie.com\/index.php?rest_route=\/wp\/v2\/pages\/24\/revisions\/215"}],"wp:attachment":[{"href":"http:\/\/podologue-pichard-helie.com\/index.php?rest_route=%2Fwp%2Fv2%2Fmedia&parent=24"}],"curies":[{"name":"wp","href":"https:\/\/api.w.org\/{rel}","templated":true}]}}