{"id":28,"date":"2020-08-10T15:27:25","date_gmt":"2020-08-10T13:27:25","guid":{"rendered":"http:\/\/podologue-pichard-helie.com\/?page_id=28"},"modified":"2020-11-13T12:49:42","modified_gmt":"2020-11-13T11:49:42","slug":"ionophorese","status":"publish","type":"page","link":"http:\/\/podologue-pichard-helie.com\/?page_id=28","title":{"rendered":"Ionophor\u00e8se"},"content":{"rendered":"\t\t<div data-elementor-type=\"wp-page\" data-elementor-id=\"28\" class=\"elementor elementor-28\" data-elementor-post-type=\"page\">\n\t\t\t\t\t\t<section class=\"elementor-section elementor-top-section elementor-element elementor-element-be0e421 elementor-section-boxed elementor-section-height-default elementor-section-height-default\" data-id=\"be0e421\" data-element_type=\"section\">\n\t\t\t\t\t\t<div class=\"elementor-container elementor-column-gap-default\">\n\t\t\t\t\t<div class=\"elementor-column elementor-col-100 elementor-top-column elementor-element elementor-element-c59fc33\" data-id=\"c59fc33\" data-element_type=\"column\">\n\t\t\t<div class=\"elementor-widget-wrap elementor-element-populated\">\n\t\t\t\t\t\t<div class=\"elementor-element elementor-element-ae45a97 elementor-widget elementor-widget-heading\" data-id=\"ae45a97\" data-element_type=\"widget\" data-widget_type=\"heading.default\">\n\t\t\t\t<div class=\"elementor-widget-container\">\n\t\t\t<h2 class=\"elementor-heading-title elementor-size-default\">IONOPHOR\u00c8SE<\/h2>\t\t<\/div>\n\t\t\t\t<\/div>\n\t\t\t\t\t<\/div>\n\t\t<\/div>\n\t\t\t\t\t<\/div>\n\t\t<\/section>\n\t\t\t\t<section class=\"elementor-section elementor-top-section elementor-element elementor-element-242f6e2 elementor-section-boxed elementor-section-height-default elementor-section-height-default\" data-id=\"242f6e2\" data-element_type=\"section\">\n\t\t\t\t\t\t<div class=\"elementor-container elementor-column-gap-default\">\n\t\t\t\t\t<div class=\"elementor-column elementor-col-100 elementor-top-column elementor-element elementor-element-21432d8\" data-id=\"21432d8\" data-element_type=\"column\">\n\t\t\t<div class=\"elementor-widget-wrap elementor-element-populated\">\n\t\t\t\t\t\t<div class=\"elementor-element elementor-element-16fcb67 elementor-widget-divider--view-line elementor-widget elementor-widget-divider\" data-id=\"16fcb67\" data-element_type=\"widget\" data-widget_type=\"divider.default\">\n\t\t\t\t<div class=\"elementor-widget-container\">\n\t\t\t\t\t<div class=\"elementor-divider\">\n\t\t\t<span class=\"elementor-divider-separator\">\n\t\t\t\t\t\t<\/span>\n\t\t<\/div>\n\t\t\t\t<\/div>\n\t\t\t\t<\/div>\n\t\t\t\t\t<\/div>\n\t\t<\/div>\n\t\t\t\t\t<\/div>\n\t\t<\/section>\n\t\t\t\t<section class=\"elementor-section elementor-top-section elementor-element elementor-element-7e053a3 elementor-section-boxed elementor-section-height-default elementor-section-height-default\" data-id=\"7e053a3\" data-element_type=\"section\">\n\t\t\t\t\t\t<div class=\"elementor-container elementor-column-gap-default\">\n\t\t\t\t\t<div class=\"elementor-column elementor-col-50 elementor-top-column elementor-element elementor-element-e2831c3\" data-id=\"e2831c3\" data-element_type=\"column\">\n\t\t\t<div class=\"elementor-widget-wrap elementor-element-populated\">\n\t\t\t\t\t\t<div class=\"elementor-element elementor-element-792ba49 elementor-widget elementor-widget-text-editor\" data-id=\"792ba49\" data-element_type=\"widget\" data-widget_type=\"text-editor.default\">\n\t\t\t\t<div class=\"elementor-widget-container\">\n\t\t\t\t\t\t\t<p><strong>Qu&rsquo;est-ce que la ionophor\u00e8se ?<\/strong><\/p>\n<p>La ionophor\u00e8se par Ionomat est destin\u00e9e au traitement de la transpiration des pieds et au traitement des verrues des pieds.<\/p>\n<p>C&rsquo;est l&rsquo;une des m\u00e9thodes les plus efficaces pour lutter contre la transpiration. Elle fonctionne avec de l&rsquo;eau afin de transmettre un l\u00e9ger flux de courant \u00e9lectrique de 10 \u00e0 20 mA sur la surface de la peau (traversant les pieds pos\u00e9s sur des \u00e9lectrodes avec 2 cm d&rsquo;eau ordinaire).<\/p>\n<p>Le courant \u00e9lectrique lib\u00e9r\u00e9 par la machine a un objectif : \u00e9paissir de fa\u00e7on microscopique la couche superficielle de la peau afin de bloquer la fabrication de transpiration. La m\u00e9thode de ionophor\u00e8se consiste \u00e0 mettre les zones \u00e0 traiter (pieds&#8230;) dans des bacs contenant de l&rsquo;eau et de faire marcher l&rsquo;appareil.<\/p>\n<p>Les r\u00e9sultats apparaissent au bout d&rsquo;un d\u00e9lai compris entre 4 et 10 semaines, en respectant la fr\u00e9quence des s\u00e9ances indiqu\u00e9es.<\/p>\n<p>Pour le traitement des verrues, une cuill\u00e8re \u00e0 soupe de salicylate de sodium est ajout\u00e9e dans l&rsquo;eau du c\u00f4t\u00e9 affect\u00e9.<\/p>\t\t\t\t\t\t<\/div>\n\t\t\t\t<\/div>\n\t\t\t\t\t<\/div>\n\t\t<\/div>\n\t\t\t\t<div class=\"elementor-column elementor-col-50 elementor-top-column elementor-element elementor-element-40cdd2e elementor-invisible\" data-id=\"40cdd2e\" data-element_type=\"column\" data-settings=\"{&quot;animation&quot;:&quot;slideInRight&quot;}\">\n\t\t\t<div class=\"elementor-widget-wrap elementor-element-populated\">\n\t\t\t\t\t\t<div class=\"elementor-element elementor-element-fa7f051 elementor-widget elementor-widget-image\" data-id=\"fa7f051\" data-element_type=\"widget\" data-widget_type=\"image.default\">\n\t\t\t\t<div class=\"elementor-widget-container\">\n\t\t\t\t\t\t\t\t\t\t\t\t\t<img fetchpriority=\"high\" decoding=\"async\" width=\"1579\" height=\"2560\" src=\"http:\/\/podologue-pichard-helie.com\/wp-content\/uploads\/2020\/11\/IMG_0036-copie-scaled.jpeg\" class=\"attachment-full size-full wp-image-190\" alt=\"\" srcset=\"http:\/\/podologue-pichard-helie.com\/wp-content\/uploads\/2020\/11\/IMG_0036-copie-scaled.jpeg 1579w, http:\/\/podologue-pichard-helie.com\/wp-content\/uploads\/2020\/11\/IMG_0036-copie-185x300.jpeg 185w, http:\/\/podologue-pichard-helie.com\/wp-content\/uploads\/2020\/11\/IMG_0036-copie-632x1024.jpeg 632w, http:\/\/podologue-pichard-helie.com\/wp-content\/uploads\/2020\/11\/IMG_0036-copie-768x1245.jpeg 768w, http:\/\/podologue-pichard-helie.com\/wp-content\/uploads\/2020\/11\/IMG_0036-copie-947x1536.jpeg 947w, http:\/\/podologue-pichard-helie.com\/wp-content\/uploads\/2020\/11\/IMG_0036-copie-1263x2048.jpeg 1263w\" sizes=\"(max-width: 1579px) 100vw, 1579px\" \/>\t\t\t\t\t\t\t\t\t\t\t\t\t<\/div>\n\t\t\t\t<\/div>\n\t\t\t\t\t<\/div>\n\t\t<\/div>\n\t\t\t\t\t<\/div>\n\t\t<\/section>\n\t\t\t\t<section class=\"elementor-section elementor-top-section elementor-element elementor-element-f16aa01 elementor-section-boxed elementor-section-height-default elementor-section-height-default\" data-id=\"f16aa01\" data-element_type=\"section\">\n\t\t\t\t\t\t<div class=\"elementor-container elementor-column-gap-default\">\n\t\t\t\t\t<div class=\"elementor-column elementor-col-100 elementor-top-column elementor-element elementor-element-5040556\" data-id=\"5040556\" data-element_type=\"column\">\n\t\t\t<div class=\"elementor-widget-wrap elementor-element-populated\">\n\t\t\t\t\t\t<div class=\"elementor-element elementor-element-3d92a2d elementor-widget-divider--view-line elementor-widget elementor-widget-divider\" data-id=\"3d92a2d\" data-element_type=\"widget\" data-widget_type=\"divider.default\">\n\t\t\t\t<div class=\"elementor-widget-container\">\n\t\t\t\t\t<div class=\"elementor-divider\">\n\t\t\t<span class=\"elementor-divider-separator\">\n\t\t\t\t\t\t<\/span>\n\t\t<\/div>\n\t\t\t\t<\/div>\n\t\t\t\t<\/div>\n\t\t\t\t<div class=\"elementor-element elementor-element-e499788 elementor-widget elementor-widget-text-editor\" data-id=\"e499788\" data-element_type=\"widget\" data-widget_type=\"text-editor.default\">\n\t\t\t\t<div class=\"elementor-widget-container\">\n\t\t\t\t\t\t\t<p><strong>Comment fonctionne le <a href=\"http:\/\/www.ionomat.com\" target=\"_blank\" rel=\"noopener\">Ionomat<\/a> ?<\/strong><\/p><p><span style=\"font-size: 18px;\">\u00c0 l&rsquo;aide d&rsquo;\u00e9lectrodes reli\u00e9es \u00e0 chaque bac, un courant va passer jusqu&rsquo;aux pieds. Le courant va progressivement augmenter puis redescendre de la m\u00eame mani\u00e8re.<\/span><\/p><p>Une s\u00e9ance dure environ 20 minutes.<\/p>\t\t\t\t\t\t<\/div>\n\t\t\t\t<\/div>\n\t\t\t\t\t<\/div>\n\t\t<\/div>\n\t\t\t\t\t<\/div>\n\t\t<\/section>\n\t\t\t\t<section class=\"elementor-section elementor-top-section elementor-element elementor-element-a134886 elementor-section-boxed elementor-section-height-default elementor-section-height-default\" data-id=\"a134886\" data-element_type=\"section\">\n\t\t\t\t\t\t<div class=\"elementor-container elementor-column-gap-default\">\n\t\t\t\t\t<div class=\"elementor-column elementor-col-100 elementor-top-column elementor-element elementor-element-962a359\" data-id=\"962a359\" data-element_type=\"column\">\n\t\t\t<div class=\"elementor-widget-wrap elementor-element-populated\">\n\t\t\t\t\t\t<div class=\"elementor-element elementor-element-4531c12 elementor-widget-divider--view-line elementor-widget elementor-widget-divider\" data-id=\"4531c12\" data-element_type=\"widget\" data-widget_type=\"divider.default\">\n\t\t\t\t<div class=\"elementor-widget-container\">\n\t\t\t\t\t<div class=\"elementor-divider\">\n\t\t\t<span class=\"elementor-divider-separator\">\n\t\t\t\t\t\t<\/span>\n\t\t<\/div>\n\t\t\t\t<\/div>\n\t\t\t\t<\/div>\n\t\t\t\t<div class=\"elementor-element elementor-element-279d46e elementor-widget elementor-widget-text-editor\" data-id=\"279d46e\" data-element_type=\"widget\" data-widget_type=\"text-editor.default\">\n\t\t\t\t<div class=\"elementor-widget-container\">\n\t\t\t\t\t\t\t<p><em>Vous ressentez une g\u00eane ou une douleur \u00e0 la marche ? Vous avez mal aux pieds ? Mal au dos ? Vous constatez l&rsquo;apparition d&rsquo;une mycose, d&rsquo;une verrue plantaire, de cors, de durillons, ou vous souffrez de probl\u00e8mes li\u00e9s \u00e0 un ou plusieurs de vos ongles ?<\/em><\/p><p><em>Prenez d\u00e8s maintenant rendez-vous avec votre Podologue dans la rubrique \u00ab\u00a0PRENDRE RENDEZ-VOUS !\u00a0\u00bb.<\/em><\/p>\t\t\t\t\t\t<\/div>\n\t\t\t\t<\/div>\n\t\t\t\t\t<\/div>\n\t\t<\/div>\n\t\t\t\t\t<\/div>\n\t\t<\/section>\n\t\t\t\t<\/div>\n\t\t","protected":false},"excerpt":{"rendered":"<p>IONOPHOR\u00c8SE Qu&rsquo;est-ce que la ionophor\u00e8se ? La ionophor\u00e8se par Ionomat est destin\u00e9e au traitement de la transpiration des pieds et au traitement des verrues des pieds. C&rsquo;est l&rsquo;une des m\u00e9thodes les plus efficaces pour lutter contre la transpiration. Elle fonctionne avec de l&rsquo;eau afin de transmettre un l\u00e9ger flux de courant \u00e9lectrique de 10 \u00e0 &hellip;<\/p>\n<p class=\"read-more\"> <a class=\"\" href=\"http:\/\/podologue-pichard-helie.com\/?page_id=28\"> <span class=\"screen-reader-text\">Ionophor\u00e8se<\/span> Lire la suite\u00a0\u00bb<\/a><\/p>\n","protected":false},"author":1,"featured_media":0,"parent":0,"menu_order":0,"comment_status":"closed","ping_status":"closed","template":"","meta":{"_monsterinsights_skip_tracking":false,"_monsterinsights_sitenote_active":false,"_monsterinsights_sitenote_note":"","_monsterinsights_sitenote_category":0,"footnotes":""},"yoast_head":"<!-- This site is optimized with the Yoast SEO plugin v15.3 - https:\/\/yoast.com\/wordpress\/plugins\/seo\/ -->\n<title>Ionophor\u00e8se - Dominique PICHARD-H\u00c9LIE<\/title>\n<meta name=\"robots\" content=\"index, follow, max-snippet:-1, max-image-preview:large, max-video-preview:-1\" \/>\n<link rel=\"canonical\" href=\"http:\/\/podologue-pichard-helie.com\/?page_id=28\" \/>\n<meta property=\"og:locale\" content=\"fr_FR\" \/>\n<meta property=\"og:type\" content=\"article\" \/>\n<meta property=\"og:title\" content=\"Ionophor\u00e8se - Dominique PICHARD-H\u00c9LIE\" \/>\n<meta property=\"og:description\" content=\"IONOPHOR\u00c8SE Qu&rsquo;est-ce que la ionophor\u00e8se ? La ionophor\u00e8se par Ionomat est destin\u00e9e au traitement de la transpiration des pieds et au traitement des verrues des pieds. C&rsquo;est l&rsquo;une des m\u00e9thodes les plus efficaces pour lutter contre la transpiration. Elle fonctionne avec de l&rsquo;eau afin de transmettre un l\u00e9ger flux de courant \u00e9lectrique de 10 \u00e0 &hellip; Ionophor\u00e8se Lire la suite\u00a0\u00bb\" \/>\n<meta property=\"og:url\" content=\"http:\/\/podologue-pichard-helie.com\/?page_id=28\" \/>\n<meta property=\"og:site_name\" content=\"Dominique PICHARD-H\u00c9LIE\" \/>\n<meta property=\"article:modified_time\" content=\"2020-11-13T11:49:42+00:00\" \/>\n<meta property=\"og:image\" content=\"http:\/\/podologue-pichard-helie.com\/wp-content\/uploads\/2020\/11\/IMG_0036-copie-scaled.jpeg\" \/>\n<meta name=\"twitter:card\" content=\"summary_large_image\" \/>\n<meta name=\"twitter:label1\" content=\"\u00c9crit par\">\n\t<meta name=\"twitter:data1\" content=\"EP Graphisme\">\n\t<meta name=\"twitter:label2\" content=\"Dur\u00e9e de lecture est.\">\n\t<meta name=\"twitter:data2\" content=\"1 minute\">\n<script type=\"application\/ld+json\" class=\"yoast-schema-graph\">{\"@context\":\"https:\/\/schema.org\",\"@graph\":[{\"@type\":\"WebSite\",\"@id\":\"http:\/\/podologue-pichard-helie.com\/#website\",\"url\":\"http:\/\/podologue-pichard-helie.com\/\",\"name\":\"Dominique PICHARD-H\\u00c9LIE\",\"description\":\"Podologue\",\"potentialAction\":[{\"@type\":\"SearchAction\",\"target\":\"http:\/\/podologue-pichard-helie.com\/?s={search_term_string}\",\"query-input\":\"required name=search_term_string\"}],\"inLanguage\":\"fr-FR\"},{\"@type\":\"ImageObject\",\"@id\":\"http:\/\/podologue-pichard-helie.com\/?page_id=28#primaryimage\",\"inLanguage\":\"fr-FR\",\"url\":\"http:\/\/podologue-pichard-helie.com\/wp-content\/uploads\/2020\/11\/IMG_0036-copie-scaled.jpeg\",\"width\":1579,\"height\":2560},{\"@type\":\"WebPage\",\"@id\":\"http:\/\/podologue-pichard-helie.com\/?page_id=28#webpage\",\"url\":\"http:\/\/podologue-pichard-helie.com\/?page_id=28\",\"name\":\"Ionophor\\u00e8se - Dominique PICHARD-H\\u00c9LIE\",\"isPartOf\":{\"@id\":\"http:\/\/podologue-pichard-helie.com\/#website\"},\"primaryImageOfPage\":{\"@id\":\"http:\/\/podologue-pichard-helie.com\/?page_id=28#primaryimage\"},\"datePublished\":\"2020-08-10T13:27:25+00:00\",\"dateModified\":\"2020-11-13T11:49:42+00:00\",\"inLanguage\":\"fr-FR\",\"potentialAction\":[{\"@type\":\"ReadAction\",\"target\":[\"http:\/\/podologue-pichard-helie.com\/?page_id=28\"]}]}]}<\/script>\n<!-- \/ Yoast SEO plugin. -->","_links":{"self":[{"href":"http:\/\/podologue-pichard-helie.com\/index.php?rest_route=\/wp\/v2\/pages\/28"}],"collection":[{"href":"http:\/\/podologue-pichard-helie.com\/index.php?rest_route=\/wp\/v2\/pages"}],"about":[{"href":"http:\/\/podologue-pichard-helie.com\/index.php?rest_route=\/wp\/v2\/types\/page"}],"author":[{"embeddable":true,"href":"http:\/\/podologue-pichard-helie.com\/index.php?rest_route=\/wp\/v2\/users\/1"}],"replies":[{"embeddable":true,"href":"http:\/\/podologue-pichard-helie.com\/index.php?rest_route=%2Fwp%2Fv2%2Fcomments&post=28"}],"version-history":[{"count":10,"href":"http:\/\/podologue-pichard-helie.com\/index.php?rest_route=\/wp\/v2\/pages\/28\/revisions"}],"predecessor-version":[{"id":207,"href":"http:\/\/podologue-pichard-helie.com\/index.php?rest_route=\/wp\/v2\/pages\/28\/revisions\/207"}],"wp:attachment":[{"href":"http:\/\/podologue-pichard-helie.com\/index.php?rest_route=%2Fwp%2Fv2%2Fmedia&parent=28"}],"curies":[{"name":"wp","href":"https:\/\/api.w.org\/{rel}","templated":true}]}}