{"id":30,"date":"2020-08-10T15:27:38","date_gmt":"2020-08-10T13:27:38","guid":{"rendered":"http:\/\/podologue-pichard-helie.com\/?page_id=30"},"modified":"2020-11-13T13:03:33","modified_gmt":"2020-11-13T12:03:33","slug":"qui-suis-je","status":"publish","type":"page","link":"http:\/\/podologue-pichard-helie.com\/?page_id=30","title":{"rendered":"Qui suis-je ?"},"content":{"rendered":"\t\t<div data-elementor-type=\"wp-page\" data-elementor-id=\"30\" class=\"elementor elementor-30\" data-elementor-post-type=\"page\">\n\t\t\t\t\t\t<section class=\"elementor-section elementor-top-section elementor-element elementor-element-d2a274f elementor-section-boxed elementor-section-height-default elementor-section-height-default\" data-id=\"d2a274f\" data-element_type=\"section\">\n\t\t\t\t\t\t<div class=\"elementor-container elementor-column-gap-default\">\n\t\t\t\t\t<div class=\"elementor-column elementor-col-100 elementor-top-column elementor-element elementor-element-dec7c4e\" data-id=\"dec7c4e\" data-element_type=\"column\">\n\t\t\t<div class=\"elementor-widget-wrap elementor-element-populated\">\n\t\t\t\t\t\t<div class=\"elementor-element elementor-element-767e9a3 elementor-widget elementor-widget-heading\" data-id=\"767e9a3\" data-element_type=\"widget\" data-widget_type=\"heading.default\">\n\t\t\t\t<div class=\"elementor-widget-container\">\n\t\t\t<h2 class=\"elementor-heading-title elementor-size-default\">Votre praticien<\/h2>\t\t<\/div>\n\t\t\t\t<\/div>\n\t\t\t\t\t<\/div>\n\t\t<\/div>\n\t\t\t\t\t<\/div>\n\t\t<\/section>\n\t\t\t\t<section class=\"elementor-section elementor-top-section elementor-element elementor-element-8b4cb45 elementor-section-boxed elementor-section-height-default elementor-section-height-default\" data-id=\"8b4cb45\" data-element_type=\"section\">\n\t\t\t\t\t\t<div class=\"elementor-container elementor-column-gap-default\">\n\t\t\t\t\t<div class=\"elementor-column elementor-col-100 elementor-top-column elementor-element elementor-element-3003964\" data-id=\"3003964\" data-element_type=\"column\">\n\t\t\t<div class=\"elementor-widget-wrap elementor-element-populated\">\n\t\t\t\t\t\t<div class=\"elementor-element elementor-element-b81724d elementor-widget-divider--view-line elementor-widget elementor-widget-divider\" data-id=\"b81724d\" data-element_type=\"widget\" data-widget_type=\"divider.default\">\n\t\t\t\t<div class=\"elementor-widget-container\">\n\t\t\t\t\t<div class=\"elementor-divider\">\n\t\t\t<span class=\"elementor-divider-separator\">\n\t\t\t\t\t\t<\/span>\n\t\t<\/div>\n\t\t\t\t<\/div>\n\t\t\t\t<\/div>\n\t\t\t\t\t<\/div>\n\t\t<\/div>\n\t\t\t\t\t<\/div>\n\t\t<\/section>\n\t\t\t\t<section class=\"elementor-section elementor-top-section elementor-element elementor-element-8873cbc elementor-section-boxed elementor-section-height-default elementor-section-height-default\" data-id=\"8873cbc\" data-element_type=\"section\">\n\t\t\t\t\t\t<div class=\"elementor-container elementor-column-gap-default\">\n\t\t\t\t\t<div class=\"elementor-column elementor-col-50 elementor-top-column elementor-element elementor-element-b1869d3\" data-id=\"b1869d3\" data-element_type=\"column\">\n\t\t\t<div class=\"elementor-widget-wrap elementor-element-populated\">\n\t\t\t\t\t\t<div class=\"elementor-element elementor-element-406904e elementor-widget elementor-widget-text-editor\" data-id=\"406904e\" data-element_type=\"widget\" data-widget_type=\"text-editor.default\">\n\t\t\t\t<div class=\"elementor-widget-container\">\n\t\t\t\t\t\t\t<p><em>Pour vos soins de podologie, de p\u00e9dicurie ou autres soins techniques, prenez rendez-vous avec votre podologue Dominique PICHARD-H\u00c9LIE, qui exerce sur les communes de Quettreville-sur-Sienne et Lingreville, dans la Manche.<\/em><\/p><p>Dominique PICHARD-H\u00c9LIE a r\u00e9alis\u00e9 sa formation \u00e0 l&rsquo;\u00e9cole de Podologie de Rennes, sp\u00e9cialis\u00e9e dans les orth\u00e8ses plantaires de stimulation, d&rsquo;incitation proprioceptive et de posture. Elle en sort dipl\u00f4m\u00e9e en 1989.<\/p><p>Elle a notamment exerc\u00e9 \u00e0 Roanne (42), puis St-L\u00f4, Lingreville et Quettreville-sur-Sienne. En 2000, elle quitte le cabinet de St-L\u00f4.<\/p><p>Aujourd&rsquo;hui, elle se partage entre les 2 cabinets de Quettreville-sur-Sienne et Lingreville.<\/p>\t\t\t\t\t\t<\/div>\n\t\t\t\t<\/div>\n\t\t\t\t<div class=\"elementor-element elementor-element-cf37656 elementor-widget elementor-widget-text-editor\" data-id=\"cf37656\" data-element_type=\"widget\" data-widget_type=\"text-editor.default\">\n\t\t\t\t<div class=\"elementor-widget-container\">\n\t\t\t\t\t\t\t<p><strong style=\"font-size: 18px;\">HORAIRES D&rsquo;OUVERTURE<\/strong><\/p><p>Ouvert du Lundi au Samedi<\/p><p><em>Tout changement d&rsquo;horaire vous sera pr\u00e9cis\u00e9 lors de votre prise de rendez-vous.<\/em><\/p>\t\t\t\t\t\t<\/div>\n\t\t\t\t<\/div>\n\t\t\t\t\t<\/div>\n\t\t<\/div>\n\t\t\t\t<div class=\"elementor-column elementor-col-50 elementor-top-column elementor-element elementor-element-e3045d3\" data-id=\"e3045d3\" data-element_type=\"column\">\n\t\t\t<div class=\"elementor-widget-wrap elementor-element-populated\">\n\t\t\t\t\t\t<div class=\"elementor-element elementor-element-0fd6fc9 elementor-widget elementor-widget-image\" data-id=\"0fd6fc9\" data-element_type=\"widget\" data-widget_type=\"image.default\">\n\t\t\t\t<div class=\"elementor-widget-container\">\n\t\t\t\t\t\t\t\t\t\t\t\t\t<img fetchpriority=\"high\" decoding=\"async\" width=\"488\" height=\"1024\" src=\"http:\/\/podologue-pichard-helie.com\/wp-content\/uploads\/2020\/11\/b98a131b-d361-4d74-88d2-d5525848ca57-copie-488x1024.png\" class=\"attachment-large size-large wp-image-172\" alt=\"\" srcset=\"http:\/\/podologue-pichard-helie.com\/wp-content\/uploads\/2020\/11\/b98a131b-d361-4d74-88d2-d5525848ca57-copie-488x1024.png 488w, http:\/\/podologue-pichard-helie.com\/wp-content\/uploads\/2020\/11\/b98a131b-d361-4d74-88d2-d5525848ca57-copie-143x300.png 143w, http:\/\/podologue-pichard-helie.com\/wp-content\/uploads\/2020\/11\/b98a131b-d361-4d74-88d2-d5525848ca57-copie.png 640w\" sizes=\"(max-width: 488px) 100vw, 488px\" \/>\t\t\t\t\t\t\t\t\t\t\t\t\t<\/div>\n\t\t\t\t<\/div>\n\t\t\t\t\t<\/div>\n\t\t<\/div>\n\t\t\t\t\t<\/div>\n\t\t<\/section>\n\t\t\t\t<section class=\"elementor-section elementor-top-section elementor-element elementor-element-e9df07d elementor-section-boxed elementor-section-height-default elementor-section-height-default\" data-id=\"e9df07d\" data-element_type=\"section\">\n\t\t\t\t\t\t<div class=\"elementor-container elementor-column-gap-default\">\n\t\t\t\t\t<div class=\"elementor-column elementor-col-100 elementor-top-column elementor-element elementor-element-4332a8f\" data-id=\"4332a8f\" data-element_type=\"column\">\n\t\t\t<div class=\"elementor-widget-wrap elementor-element-populated\">\n\t\t\t\t\t\t<div class=\"elementor-element elementor-element-fc724a8 elementor-widget-divider--view-line elementor-widget elementor-widget-divider\" data-id=\"fc724a8\" data-element_type=\"widget\" data-widget_type=\"divider.default\">\n\t\t\t\t<div class=\"elementor-widget-container\">\n\t\t\t\t\t<div class=\"elementor-divider\">\n\t\t\t<span class=\"elementor-divider-separator\">\n\t\t\t\t\t\t<\/span>\n\t\t<\/div>\n\t\t\t\t<\/div>\n\t\t\t\t<\/div>\n\t\t\t\t\t<\/div>\n\t\t<\/div>\n\t\t\t\t\t<\/div>\n\t\t<\/section>\n\t\t\t\t<section class=\"elementor-section elementor-top-section elementor-element elementor-element-10adef2 elementor-section-boxed elementor-section-height-default elementor-section-height-default\" data-id=\"10adef2\" data-element_type=\"section\">\n\t\t\t\t\t\t<div class=\"elementor-container elementor-column-gap-default\">\n\t\t\t\t\t<div class=\"elementor-column elementor-col-100 elementor-top-column elementor-element elementor-element-abd0d9f\" data-id=\"abd0d9f\" data-element_type=\"column\">\n\t\t\t<div class=\"elementor-widget-wrap elementor-element-populated\">\n\t\t\t\t\t\t<div class=\"elementor-element elementor-element-799171f elementor-widget elementor-widget-image\" data-id=\"799171f\" data-element_type=\"widget\" data-widget_type=\"image.default\">\n\t\t\t\t<div class=\"elementor-widget-container\">\n\t\t\t\t\t\t\t\t\t\t\t\t\t<img decoding=\"async\" width=\"1024\" height=\"672\" src=\"http:\/\/podologue-pichard-helie.com\/wp-content\/uploads\/2020\/11\/illu-podo-1024x672.png\" class=\"attachment-large size-large wp-image-174\" alt=\"\" srcset=\"http:\/\/podologue-pichard-helie.com\/wp-content\/uploads\/2020\/11\/illu-podo-1024x672.png 1024w, http:\/\/podologue-pichard-helie.com\/wp-content\/uploads\/2020\/11\/illu-podo-300x197.png 300w, http:\/\/podologue-pichard-helie.com\/wp-content\/uploads\/2020\/11\/illu-podo-768x504.png 768w, http:\/\/podologue-pichard-helie.com\/wp-content\/uploads\/2020\/11\/illu-podo-1536x1008.png 1536w, http:\/\/podologue-pichard-helie.com\/wp-content\/uploads\/2020\/11\/illu-podo-2048x1344.png 2048w\" sizes=\"(max-width: 1024px) 100vw, 1024px\" \/>\t\t\t\t\t\t\t\t\t\t\t\t\t<\/div>\n\t\t\t\t<\/div>\n\t\t\t\t\t<\/div>\n\t\t<\/div>\n\t\t\t\t\t<\/div>\n\t\t<\/section>\n\t\t\t\t<section class=\"elementor-section elementor-top-section elementor-element elementor-element-c6f1873 elementor-section-boxed elementor-section-height-default elementor-section-height-default\" data-id=\"c6f1873\" data-element_type=\"section\">\n\t\t\t\t\t\t<div class=\"elementor-container elementor-column-gap-default\">\n\t\t\t\t\t<div class=\"elementor-column elementor-col-100 elementor-top-column elementor-element elementor-element-f9dd7b9\" data-id=\"f9dd7b9\" data-element_type=\"column\">\n\t\t\t<div class=\"elementor-widget-wrap elementor-element-populated\">\n\t\t\t\t\t\t<div class=\"elementor-element elementor-element-db58c8e elementor-widget-divider--view-line elementor-widget elementor-widget-divider\" data-id=\"db58c8e\" data-element_type=\"widget\" data-widget_type=\"divider.default\">\n\t\t\t\t<div class=\"elementor-widget-container\">\n\t\t\t\t\t<div class=\"elementor-divider\">\n\t\t\t<span class=\"elementor-divider-separator\">\n\t\t\t\t\t\t<\/span>\n\t\t<\/div>\n\t\t\t\t<\/div>\n\t\t\t\t<\/div>\n\t\t\t\t<div class=\"elementor-element elementor-element-a40fd70 elementor-widget elementor-widget-text-editor\" data-id=\"a40fd70\" data-element_type=\"widget\" data-widget_type=\"text-editor.default\">\n\t\t\t\t<div class=\"elementor-widget-container\">\n\t\t\t\t\t\t\t<p><em>Vous ressentez une g\u00eane ou une douleur \u00e0 la marche ? Vous avez mal aux pieds ? Mal au dos ? Vous constatez l&rsquo;apparition d&rsquo;une mycose, d&rsquo;une verrue plantaire, de cors, de durillons, ou vous souffrez de probl\u00e8mes li\u00e9s \u00e0 un ou plusieurs de vos ongles ?<\/em><\/p><p><em>Prenez d\u00e8s maintenant rendez-vous avec votre Podologue dans la rubrique \u00ab\u00a0PRENDRE RENDEZ-VOUS !\u00a0\u00bb.<\/em><\/p>\t\t\t\t\t\t<\/div>\n\t\t\t\t<\/div>\n\t\t\t\t\t<\/div>\n\t\t<\/div>\n\t\t\t\t\t<\/div>\n\t\t<\/section>\n\t\t\t\t<\/div>\n\t\t","protected":false},"excerpt":{"rendered":"<p>Votre praticien Pour vos soins de podologie, de p\u00e9dicurie ou autres soins techniques, prenez rendez-vous avec votre podologue Dominique PICHARD-H\u00c9LIE, qui exerce sur les communes de Quettreville-sur-Sienne et Lingreville, dans la Manche. Dominique PICHARD-H\u00c9LIE a r\u00e9alis\u00e9 sa formation \u00e0 l&rsquo;\u00e9cole de Podologie de Rennes, sp\u00e9cialis\u00e9e dans les orth\u00e8ses plantaires de stimulation, d&rsquo;incitation proprioceptive et de &hellip;<\/p>\n<p class=\"read-more\"> <a class=\"\" href=\"http:\/\/podologue-pichard-helie.com\/?page_id=30\"> <span class=\"screen-reader-text\">Qui suis-je ?<\/span> Lire la suite\u00a0\u00bb<\/a><\/p>\n","protected":false},"author":1,"featured_media":0,"parent":0,"menu_order":0,"comment_status":"closed","ping_status":"closed","template":"","meta":{"_monsterinsights_skip_tracking":false,"_monsterinsights_sitenote_active":false,"_monsterinsights_sitenote_note":"","_monsterinsights_sitenote_category":0,"footnotes":""},"yoast_head":"<!-- This site is optimized with the Yoast SEO plugin v15.3 - https:\/\/yoast.com\/wordpress\/plugins\/seo\/ -->\n<title>Qui suis-je ? - Dominique PICHARD-H\u00c9LIE<\/title>\n<meta name=\"robots\" content=\"index, follow, max-snippet:-1, max-image-preview:large, max-video-preview:-1\" \/>\n<link rel=\"canonical\" href=\"https:\/\/podologue-pichard-helie.com\/?page_id=30\" \/>\n<meta property=\"og:locale\" content=\"fr_FR\" \/>\n<meta property=\"og:type\" content=\"article\" \/>\n<meta property=\"og:title\" content=\"Qui suis-je ? - Dominique PICHARD-H\u00c9LIE\" \/>\n<meta property=\"og:description\" content=\"Votre praticien Pour vos soins de podologie, de p\u00e9dicurie ou autres soins techniques, prenez rendez-vous avec votre podologue Dominique PICHARD-H\u00c9LIE, qui exerce sur les communes de Quettreville-sur-Sienne et Lingreville, dans la Manche. Dominique PICHARD-H\u00c9LIE a r\u00e9alis\u00e9 sa formation \u00e0 l&rsquo;\u00e9cole de Podologie de Rennes, sp\u00e9cialis\u00e9e dans les orth\u00e8ses plantaires de stimulation, d&rsquo;incitation proprioceptive et de &hellip; Qui suis-je ? Lire la suite\u00a0\u00bb\" \/>\n<meta property=\"og:url\" content=\"https:\/\/podologue-pichard-helie.com\/?page_id=30\" \/>\n<meta property=\"og:site_name\" content=\"Dominique PICHARD-H\u00c9LIE\" \/>\n<meta property=\"article:modified_time\" content=\"2020-11-13T12:03:33+00:00\" \/>\n<meta property=\"og:image\" content=\"http:\/\/podologue-pichard-helie.com\/wp-content\/uploads\/2020\/11\/b98a131b-d361-4d74-88d2-d5525848ca57-copie-488x1024.png\" \/>\n<meta name=\"twitter:card\" content=\"summary_large_image\" \/>\n<meta name=\"twitter:label1\" content=\"\u00c9crit par\">\n\t<meta name=\"twitter:data1\" content=\"EP Graphisme\">\n\t<meta name=\"twitter:label2\" content=\"Dur\u00e9e de lecture est.\">\n\t<meta name=\"twitter:data2\" content=\"1 minute\">\n<script type=\"application\/ld+json\" class=\"yoast-schema-graph\">{\"@context\":\"https:\/\/schema.org\",\"@graph\":[{\"@type\":\"WebSite\",\"@id\":\"http:\/\/podologue-pichard-helie.com\/#website\",\"url\":\"http:\/\/podologue-pichard-helie.com\/\",\"name\":\"Dominique PICHARD-H\\u00c9LIE\",\"description\":\"Podologue\",\"potentialAction\":[{\"@type\":\"SearchAction\",\"target\":\"http:\/\/podologue-pichard-helie.com\/?s={search_term_string}\",\"query-input\":\"required name=search_term_string\"}],\"inLanguage\":\"fr-FR\"},{\"@type\":\"ImageObject\",\"@id\":\"https:\/\/podologue-pichard-helie.com\/?page_id=30#primaryimage\",\"inLanguage\":\"fr-FR\",\"url\":\"http:\/\/podologue-pichard-helie.com\/wp-content\/uploads\/2020\/11\/b98a131b-d361-4d74-88d2-d5525848ca57-copie.png\",\"width\":640,\"height\":1344},{\"@type\":\"WebPage\",\"@id\":\"https:\/\/podologue-pichard-helie.com\/?page_id=30#webpage\",\"url\":\"https:\/\/podologue-pichard-helie.com\/?page_id=30\",\"name\":\"Qui suis-je ? - Dominique PICHARD-H\\u00c9LIE\",\"isPartOf\":{\"@id\":\"http:\/\/podologue-pichard-helie.com\/#website\"},\"primaryImageOfPage\":{\"@id\":\"https:\/\/podologue-pichard-helie.com\/?page_id=30#primaryimage\"},\"datePublished\":\"2020-08-10T13:27:38+00:00\",\"dateModified\":\"2020-11-13T12:03:33+00:00\",\"inLanguage\":\"fr-FR\",\"potentialAction\":[{\"@type\":\"ReadAction\",\"target\":[\"https:\/\/podologue-pichard-helie.com\/?page_id=30\"]}]}]}<\/script>\n<!-- \/ Yoast SEO plugin. -->","_links":{"self":[{"href":"http:\/\/podologue-pichard-helie.com\/index.php?rest_route=\/wp\/v2\/pages\/30"}],"collection":[{"href":"http:\/\/podologue-pichard-helie.com\/index.php?rest_route=\/wp\/v2\/pages"}],"about":[{"href":"http:\/\/podologue-pichard-helie.com\/index.php?rest_route=\/wp\/v2\/types\/page"}],"author":[{"embeddable":true,"href":"http:\/\/podologue-pichard-helie.com\/index.php?rest_route=\/wp\/v2\/users\/1"}],"replies":[{"embeddable":true,"href":"http:\/\/podologue-pichard-helie.com\/index.php?rest_route=%2Fwp%2Fv2%2Fcomments&post=30"}],"version-history":[{"count":7,"href":"http:\/\/podologue-pichard-helie.com\/index.php?rest_route=\/wp\/v2\/pages\/30\/revisions"}],"predecessor-version":[{"id":209,"href":"http:\/\/podologue-pichard-helie.com\/index.php?rest_route=\/wp\/v2\/pages\/30\/revisions\/209"}],"wp:attachment":[{"href":"http:\/\/podologue-pichard-helie.com\/index.php?rest_route=%2Fwp%2Fv2%2Fmedia&parent=30"}],"curies":[{"name":"wp","href":"https:\/\/api.w.org\/{rel}","templated":true}]}}