{"id":34,"date":"2020-08-10T15:29:41","date_gmt":"2020-08-10T13:29:41","guid":{"rendered":"http:\/\/podologue-pichard-helie.com\/?page_id=34"},"modified":"2020-11-08T13:32:52","modified_gmt":"2020-11-08T12:32:52","slug":"mentions-legales","status":"publish","type":"page","link":"http:\/\/podologue-pichard-helie.com\/?page_id=34","title":{"rendered":"Mentions L\u00e9gales"},"content":{"rendered":"\t\t<div data-elementor-type=\"wp-page\" data-elementor-id=\"34\" class=\"elementor elementor-34\" data-elementor-post-type=\"page\">\n\t\t\t\t\t\t<section class=\"elementor-section elementor-top-section elementor-element elementor-element-9c41f2d elementor-section-boxed elementor-section-height-default elementor-section-height-default\" data-id=\"9c41f2d\" data-element_type=\"section\">\n\t\t\t\t\t\t<div class=\"elementor-container elementor-column-gap-default\">\n\t\t\t\t\t<div class=\"elementor-column elementor-col-100 elementor-top-column elementor-element elementor-element-1736bab\" data-id=\"1736bab\" data-element_type=\"column\">\n\t\t\t<div class=\"elementor-widget-wrap elementor-element-populated\">\n\t\t\t\t\t\t<div class=\"elementor-element elementor-element-4a69e1f elementor-widget elementor-widget-heading\" data-id=\"4a69e1f\" data-element_type=\"widget\" data-widget_type=\"heading.default\">\n\t\t\t\t<div class=\"elementor-widget-container\">\n\t\t\t<h2 class=\"elementor-heading-title elementor-size-default\">MENTIONS L\u00c9GALES<\/h2>\t\t<\/div>\n\t\t\t\t<\/div>\n\t\t\t\t\t<\/div>\n\t\t<\/div>\n\t\t\t\t\t<\/div>\n\t\t<\/section>\n\t\t\t\t<section class=\"elementor-section elementor-top-section elementor-element elementor-element-ee24119 elementor-section-boxed elementor-section-height-default elementor-section-height-default\" data-id=\"ee24119\" data-element_type=\"section\">\n\t\t\t\t\t\t<div class=\"elementor-container elementor-column-gap-default\">\n\t\t\t\t\t<div class=\"elementor-column elementor-col-100 elementor-top-column elementor-element elementor-element-48ec77a\" data-id=\"48ec77a\" data-element_type=\"column\">\n\t\t\t<div class=\"elementor-widget-wrap elementor-element-populated\">\n\t\t\t\t\t\t<div class=\"elementor-element elementor-element-d9c5141 elementor-widget-divider--view-line elementor-widget elementor-widget-divider\" data-id=\"d9c5141\" data-element_type=\"widget\" data-widget_type=\"divider.default\">\n\t\t\t\t<div class=\"elementor-widget-container\">\n\t\t\t\t\t<div class=\"elementor-divider\">\n\t\t\t<span class=\"elementor-divider-separator\">\n\t\t\t\t\t\t<\/span>\n\t\t<\/div>\n\t\t\t\t<\/div>\n\t\t\t\t<\/div>\n\t\t\t\t\t<\/div>\n\t\t<\/div>\n\t\t\t\t\t<\/div>\n\t\t<\/section>\n\t\t\t\t<section class=\"elementor-section elementor-top-section elementor-element elementor-element-979453c elementor-section-boxed elementor-section-height-default elementor-section-height-default\" data-id=\"979453c\" data-element_type=\"section\">\n\t\t\t\t\t\t<div class=\"elementor-container elementor-column-gap-default\">\n\t\t\t\t\t<div class=\"elementor-column elementor-col-100 elementor-top-column elementor-element elementor-element-b9bfd3e\" data-id=\"b9bfd3e\" data-element_type=\"column\">\n\t\t\t<div class=\"elementor-widget-wrap elementor-element-populated\">\n\t\t\t\t\t\t<div class=\"elementor-element elementor-element-0bfdd3a elementor-widget elementor-widget-text-editor\" data-id=\"0bfdd3a\" data-element_type=\"widget\" data-widget_type=\"text-editor.default\">\n\t\t\t\t<div class=\"elementor-widget-container\">\n\t\t\t\t\t\t\t<p><em>Mentions l\u00e9gales du site www.podologue-pichard-helie.com<\/em><\/p><p><strong>Directrice de publication :<\/strong>\u00a0Dominique PICHARD-H\u00c9LIE, Podologue<\/p><p><strong>Adresse :<\/strong> 17D, rue du Mont-St-Michel, 50660 QUETTREVILLE-SUR-SIENNE<\/p><p><strong>Email :\u00a0<\/strong>dominique.pichard.podologie@gmail.com<br \/><strong>N\u00b0 de t\u00e9l\u00e9phone :<\/strong> 02 33 47 39 89<\/p><p><span style=\"text-decoration: underline;\"><strong>CR\u00c9ATION ET R\u00c9ALISATION DU SITE WEB<\/strong><\/span><\/p><p>EP GRAPHISME,\u00a0Elise Pichard, Graphiste Web et Print dont le si\u00e8ge social est 8, avenue du Mar\u00e9chal Leclerc, 50400 GRANVILLE<\/p><p>www.elisepichard.fr &#8211; contact@elisepichard.fr &#8211; 07 88 13 51 98<\/p><p><span style=\"text-decoration: underline;\"><strong>INFORMATIONS H\u00c9BERGEUR<\/strong><\/span><br \/>Ce site est h\u00e9berg\u00e9 par\u00a0<em>OVH<\/em><\/p><p>2 rue Kellerman \u2013 59100 Roubaix<\/p><p><span style=\"text-decoration: underline;\"><strong>RESPONSABILIT\u00c9<\/strong><\/span><\/p><p>Dominique PICHARD-H\u00c9LIE met tout en \u0153uvre pour offrir aux utilisateurs des informations et\/ou des outils v\u00e9rifi\u00e9s mais ne saurait \u00eatre tenue pour responsable des erreurs, d\u2019une absence de disponibilit\u00e9 des informations et\/ou de la pr\u00e9sence d\u2019un virus sur son site www.podologue-pichard-helie.com.<\/p><p>Dominique PICHARD-H\u00c9LIE ne pourra \u00eatre responsable pour quel que dommage que ce soit tant direct qu\u2019indirect, r\u00e9sultant d\u2019une information contenue sur ce site.<\/p><p>L\u2019utilisation du pr\u00e9sent site implique la connaissance et l\u2019acceptation par l\u2019utilisateur des caract\u00e9ristiques et des limites de l\u2019Internet et des technologies qui y sont li\u00e9es, l\u2019absence de protection de certaines donn\u00e9es contre des d\u00e9tournements \u00e9ventuels ou piratage et risques de contamination par des \u00e9ventuels virus circulants sur le r\u00e9seau.<\/p><p>Dominique PICHARD-H\u00c9LIE d\u00e9cline toute responsabilit\u00e9 en cas de mauvaise utilisation ou d\u2019incident li\u00e9 \u00e0 l\u2019utilisation de l\u2019ordinateur, de l\u2019acc\u00e8s \u00e0 Internet, de la maintenance ou du dysfonctionnement des serveurs, de la ligne t\u00e9l\u00e9phonique ou de toute autre connexion technique, et de l\u2019envoi des formulaires \u00e0 une adresse erron\u00e9e ou incompl\u00e8te, d\u2019erreurs informatiques quelconques ou d\u00e9fauts constat\u00e9s sur le site.<\/p><p><span style=\"text-decoration: underline;\"><strong>INFORMATIQUE ET LIBERT\u00c9<\/strong><\/span><\/p><p>Vos donn\u00e9es personnelles, \u00e0 savoir votre nom, votre adresse postale, votre n\u00b0 de t\u00e9l\u00e9phone, votre adresse e-mail dans l\u2019\u00e9ventualit\u00e9 o\u00f9 elles nous sont transmises ainsi que toutes donn\u00e9es communiqu\u00e9es sur notre site web ou g\u00e9n\u00e9r\u00e9es par votre navigation, constituent des donn\u00e9es confidentielles.<\/p><p>Elles ne sont accessibles qu\u2019\u00e0 Dominique PICHARD-H\u00c9LIE et ne sont utilis\u00e9es que dans le cadre des finalit\u00e9s pour lesquelles vous nous les avez communiqu\u00e9es, \u00e0 savoir pour vous transmettre notre newsletter, ou encore r\u00e9pondre \u00e0 vos demandes et ce, \u00e0 travers le formulaire que vous aurez compl\u00e9t\u00e9 pour faire votre demande. Certaines informations demand\u00e9es dans les formulaires ont un caract\u00e8re obligatoire. Si vous choisissez de ne pas nous les communiquer nous ne pourrons pas traiter votre demande.\u00a0<\/p><p>Conform\u00e9ment \u00e0 la loi Informatique et Libert\u00e9s N\u00b0 78-017 du 6 janvier 1978, vous disposez d\u2019un droit d\u2019acc\u00e8s, de rectification et d\u2019opposition \u00e0 toute communication des informations personnelles vous concernant en vous adressant \u00e0 Dominique PICHARD-H\u00c9LIE, 17D rue du Mont-St-Michel, 50660 QUETTREVILLE-SUR-SIENNE\u00a0ou par email \u00e0 dominique.pichard.podologie@gmail.com.<\/p><p><span style=\"text-decoration: underline;\"><strong><span style=\"font-size: 15px;\">LIENS HYPERTEXTES<\/span><\/strong><\/span><\/p><p>Les sites ext\u00e9rieurs au site www.podologue-pichard-helie.com ayant un lien hypertexte avec le pr\u00e9sent site ne sont pas sous contr\u00f4le de Dominique PICHARD-H\u00c9LIE, qui d\u00e9cline par cons\u00e9quent toute responsabilit\u00e9 quant \u00e0 leur contenu. L\u2019utilisateur est seul responsable de leur utilisation.<\/p><p>La cr\u00e9ation de liens hypertextes vers les sites www.dominique.pichard.helie.com est soumise \u00e0 l\u2019accord pr\u00e9alable de Dominique PICHARD-H\u00c9LIE.<\/p><p>Pour toute demande, vous pouvez nous envoyer un message \u00e0 dominique.pichard.helie.com<\/p><p><span style=\"text-decoration: underline;\"><strong>COOKIES<\/strong><\/span><\/p><p>Les donn\u00e9es de trafic et les fichiers de cookies que nous implantons sur votre ordinateur ont pour finalit\u00e9 de nous permettre, en interne, de proc\u00e9der \u00e0 des analyses de fr\u00e9quentation de nos pages d\u2019information afin d\u2019en am\u00e9liorer le contenu ; la dur\u00e9e de conservation de ces informations n\u2019exc\u00e8de pas 1 an.<\/p><p>Les donn\u00e9es relatives \u00e0 la navigation des visiteurs ne sont pas exploit\u00e9es nominativement ; il s\u2019agit de statistiques agr\u00e9g\u00e9es permettant de conna\u00eetre les pages les plus et les moins populaires, les chemins pr\u00e9f\u00e9r\u00e9s, les niveaux d\u2019activit\u00e9 par jour de la semaine et par heure de la journ\u00e9e, les principales erreurs clients ou serveur. Nous vous rappelons que vous disposez dans votre logiciel de navigation de la possibilit\u00e9 de bloquer l\u2019implantation de cookies sur votre ordinateur.<\/p><p>Pour la gestion des Cookies et de vos choix, la configuration de chaque navigateur est diff\u00e9rente. Elle est d\u00e9crite dans le menu d\u2019aide de votre navigateur, qui vous permettra de savoir de quelle mani\u00e8re modifier vos souhaits en mati\u00e8re de Cookies :<\/p><p>Pour Internet Explorer\u2122 :\u00a0<a href=\"https:\/\/support.microsoft.com\/fr-fr\/help\/17442\/windows-internet-explorer-delete-manage-cookies\" target=\"_blank\" rel=\"noopener\">https:\/\/support.microsoft.com\/fr-fr\/help\/17442\/windows-internet-explorer-delete-manage-cookies<\/a><\/p><p>Pour Safari\u2122 :\u00a0<a href=\"https:\/\/support.apple.com\/kb\/PH21411?locale=fr_FR&amp;viewlocale=fr_FR\" target=\"_blank\" rel=\"noopener\">https:\/\/support.apple.com\/kb\/PH21411?locale=fr_FR&amp;viewlocale=fr_FR<\/a><\/p><p>Pour Chrome\u2122 :\u00a0<a href=\"https:\/\/support.google.com\/chrome\/answer\/95647?hl=fr&amp;hlmr=en\" target=\"_blank\" rel=\"noopener\">https:\/\/support.google.com\/chrome\/answer\/95647?hl=fr&amp;hlmr=en<\/a><\/p><p>Pour Firefox\u2122 :\u00a0<a href=\"https:\/\/support.mozilla.org\/t5\/Cookies-and-cache\/Activer-et-d%C3%A9sactiver-les-cookies-que-les-sites-Internet\/ta-p\/11860\" target=\"_blank\" rel=\"noopener\">https:\/\/support.mozilla.org\/t5\/Cookies-and-cache\/Activer-et-d%C3%A9sactiver-les-cookies-que-les-sites-Internet\/ta-p\/11860<\/a><\/p><p>Pour Opera\u2122 :\u00a0<a href=\"http:\/\/help.opera.com\/Windows\/10.20\/fr\/cookies.html\" target=\"_blank\" rel=\"noopener\">http:\/\/help.opera.com\/Windows\/10.20\/fr\/cookies.html<\/a><\/p><p>Litiges<\/p><p>Les pr\u00e9sentes conditions et la relation entre Dominique PICHARD-H\u00c9LIE et les utilisateurs seront soumises au droit fran\u00e7ais et tout diff\u00e9rend n\u2019ayant pu trouver une issue transactionnelle sera port\u00e9 devant les tribunaux comp\u00e9tents.<\/p><p><span style=\"text-decoration: underline;\"><strong>CR\u00c9DIT TEXTES<\/strong><\/span><\/p><p>\u00a9 Textes personnels de Dominique PICHARD-H\u00c9LIE<\/p><p>Certains textes ont \u00e9t\u00e9 tir\u00e9s de documents publi\u00e9s par l&rsquo;Ordre National des P\u00e9dicures-Podologues.<\/p><p>Plus d&rsquo;informations :\u00a0<span style=\"font-size: 15px;\">https:\/\/www.onpp.fr<\/span><\/p><p style=\"font-size: 15px; font-style: normal;\">Certains textes ont \u00e9t\u00e9 tir\u00e9s de documents publi\u00e9s par la soci\u00e9t\u00e9 Ionomat et du site web www.ionomat.com.<\/p><p style=\"font-size: 15px; font-style: normal;\">Plus d&rsquo;informations :\u00a0<span style=\"font-size: 15px;\">https:\/\/www.ionomat.com<\/span><\/p><p><span style=\"text-decoration: underline;\"><strong>CR\u00c9DIT PHOTOS<\/strong><\/span><\/p><p>\u00a9 Phototh\u00e8que personnelle de Dominique PICHARD-H\u00c9LIE<\/p><p>\u00a9 Adobe Stock<\/p><p>\u00a9 https:\/\/www.freepik.com\/<\/p><p>\u00a9 https:\/\/www.flaticon.com\/<\/p><p>Tous droits r\u00e9serv\u00e9s.<\/p>\t\t\t\t\t\t<\/div>\n\t\t\t\t<\/div>\n\t\t\t\t\t<\/div>\n\t\t<\/div>\n\t\t\t\t\t<\/div>\n\t\t<\/section>\n\t\t\t\t<section class=\"elementor-section elementor-top-section elementor-element elementor-element-8dc0cb5 elementor-section-boxed elementor-section-height-default elementor-section-height-default\" data-id=\"8dc0cb5\" data-element_type=\"section\">\n\t\t\t\t\t\t<div class=\"elementor-container elementor-column-gap-default\">\n\t\t\t\t\t<div class=\"elementor-column elementor-col-100 elementor-top-column elementor-element elementor-element-9373a06\" data-id=\"9373a06\" data-element_type=\"column\">\n\t\t\t<div class=\"elementor-widget-wrap elementor-element-populated\">\n\t\t\t\t\t\t<div class=\"elementor-element elementor-element-835b0ac elementor-widget-divider--view-line elementor-widget elementor-widget-divider\" data-id=\"835b0ac\" data-element_type=\"widget\" data-widget_type=\"divider.default\">\n\t\t\t\t<div class=\"elementor-widget-container\">\n\t\t\t\t\t<div class=\"elementor-divider\">\n\t\t\t<span class=\"elementor-divider-separator\">\n\t\t\t\t\t\t<\/span>\n\t\t<\/div>\n\t\t\t\t<\/div>\n\t\t\t\t<\/div>\n\t\t\t\t\t<\/div>\n\t\t<\/div>\n\t\t\t\t\t<\/div>\n\t\t<\/section>\n\t\t\t\t<\/div>\n\t\t","protected":false},"excerpt":{"rendered":"<p>MENTIONS L\u00c9GALES Mentions l\u00e9gales du site www.podologue-pichard-helie.com Directrice de publication :\u00a0Dominique PICHARD-H\u00c9LIE, Podologue Adresse : 17D, rue du Mont-St-Michel, 50660 QUETTREVILLE-SUR-SIENNE Email :\u00a0dominique.pichard.podologie@gmail.comN\u00b0 de t\u00e9l\u00e9phone : 02 33 47 39 89 CR\u00c9ATION ET R\u00c9ALISATION DU SITE WEB EP GRAPHISME,\u00a0Elise Pichard, Graphiste Web et Print dont le si\u00e8ge social est 8, avenue du Mar\u00e9chal Leclerc, 50400 &hellip;<\/p>\n<p class=\"read-more\"> <a class=\"\" href=\"http:\/\/podologue-pichard-helie.com\/?page_id=34\"> <span class=\"screen-reader-text\">Mentions L\u00e9gales<\/span> Lire la suite\u00a0\u00bb<\/a><\/p>\n","protected":false},"author":1,"featured_media":0,"parent":0,"menu_order":0,"comment_status":"closed","ping_status":"closed","template":"","meta":{"_monsterinsights_skip_tracking":false,"_monsterinsights_sitenote_active":false,"_monsterinsights_sitenote_note":"","_monsterinsights_sitenote_category":0,"footnotes":""},"yoast_head":"<!-- This site is optimized with the Yoast SEO plugin v15.3 - https:\/\/yoast.com\/wordpress\/plugins\/seo\/ -->\n<title>Mentions L\u00e9gales - Dominique PICHARD-H\u00c9LIE<\/title>\n<meta name=\"robots\" content=\"index, follow, max-snippet:-1, max-image-preview:large, max-video-preview:-1\" \/>\n<link rel=\"canonical\" href=\"http:\/\/podologue-pichard-helie.com\/?page_id=34\" \/>\n<meta property=\"og:locale\" content=\"fr_FR\" \/>\n<meta property=\"og:type\" content=\"article\" \/>\n<meta property=\"og:title\" content=\"Mentions L\u00e9gales - Dominique PICHARD-H\u00c9LIE\" \/>\n<meta property=\"og:description\" content=\"MENTIONS L\u00c9GALES Mentions l\u00e9gales du site www.podologue-pichard-helie.com Directrice de publication :\u00a0Dominique PICHARD-H\u00c9LIE, Podologue Adresse : 17D, rue du Mont-St-Michel, 50660 QUETTREVILLE-SUR-SIENNE Email :\u00a0dominique.pichard.podologie@gmail.comN\u00b0 de t\u00e9l\u00e9phone : 02 33 47 39 89 CR\u00c9ATION ET R\u00c9ALISATION DU SITE WEB EP GRAPHISME,\u00a0Elise Pichard, Graphiste Web et Print dont le si\u00e8ge social est 8, avenue du Mar\u00e9chal Leclerc, 50400 &hellip; Mentions L\u00e9gales Lire la suite\u00a0\u00bb\" \/>\n<meta property=\"og:url\" content=\"http:\/\/podologue-pichard-helie.com\/?page_id=34\" \/>\n<meta property=\"og:site_name\" content=\"Dominique PICHARD-H\u00c9LIE\" \/>\n<meta property=\"article:modified_time\" content=\"2020-11-08T12:32:52+00:00\" \/>\n<meta name=\"twitter:card\" content=\"summary_large_image\" \/>\n<meta name=\"twitter:label1\" content=\"\u00c9crit par\">\n\t<meta name=\"twitter:data1\" content=\"EP Graphisme\">\n\t<meta name=\"twitter:label2\" content=\"Dur\u00e9e de lecture est.\">\n\t<meta name=\"twitter:data2\" content=\"4 minutes\">\n<script type=\"application\/ld+json\" class=\"yoast-schema-graph\">{\"@context\":\"https:\/\/schema.org\",\"@graph\":[{\"@type\":\"WebSite\",\"@id\":\"http:\/\/podologue-pichard-helie.com\/#website\",\"url\":\"http:\/\/podologue-pichard-helie.com\/\",\"name\":\"Dominique PICHARD-H\\u00c9LIE\",\"description\":\"Podologue\",\"potentialAction\":[{\"@type\":\"SearchAction\",\"target\":\"http:\/\/podologue-pichard-helie.com\/?s={search_term_string}\",\"query-input\":\"required name=search_term_string\"}],\"inLanguage\":\"fr-FR\"},{\"@type\":\"WebPage\",\"@id\":\"http:\/\/podologue-pichard-helie.com\/?page_id=34#webpage\",\"url\":\"http:\/\/podologue-pichard-helie.com\/?page_id=34\",\"name\":\"Mentions L\\u00e9gales - Dominique PICHARD-H\\u00c9LIE\",\"isPartOf\":{\"@id\":\"http:\/\/podologue-pichard-helie.com\/#website\"},\"datePublished\":\"2020-08-10T13:29:41+00:00\",\"dateModified\":\"2020-11-08T12:32:52+00:00\",\"inLanguage\":\"fr-FR\",\"potentialAction\":[{\"@type\":\"ReadAction\",\"target\":[\"http:\/\/podologue-pichard-helie.com\/?page_id=34\"]}]}]}<\/script>\n<!-- \/ Yoast SEO plugin. -->","_links":{"self":[{"href":"http:\/\/podologue-pichard-helie.com\/index.php?rest_route=\/wp\/v2\/pages\/34"}],"collection":[{"href":"http:\/\/podologue-pichard-helie.com\/index.php?rest_route=\/wp\/v2\/pages"}],"about":[{"href":"http:\/\/podologue-pichard-helie.com\/index.php?rest_route=\/wp\/v2\/types\/page"}],"author":[{"embeddable":true,"href":"http:\/\/podologue-pichard-helie.com\/index.php?rest_route=\/wp\/v2\/users\/1"}],"replies":[{"embeddable":true,"href":"http:\/\/podologue-pichard-helie.com\/index.php?rest_route=%2Fwp%2Fv2%2Fcomments&post=34"}],"version-history":[{"count":6,"href":"http:\/\/podologue-pichard-helie.com\/index.php?rest_route=\/wp\/v2\/pages\/34\/revisions"}],"predecessor-version":[{"id":195,"href":"http:\/\/podologue-pichard-helie.com\/index.php?rest_route=\/wp\/v2\/pages\/34\/revisions\/195"}],"wp:attachment":[{"href":"http:\/\/podologue-pichard-helie.com\/index.php?rest_route=%2Fwp%2Fv2%2Fmedia&parent=34"}],"curies":[{"name":"wp","href":"https:\/\/api.w.org\/{rel}","templated":true}]}}